{"id":15,"date":"2017-01-27T14:15:01","date_gmt":"2017-01-27T13:15:01","guid":{"rendered":"http:\/\/kita-luvundlee.de.w015821b.kasserver.com\/?page_id=15"},"modified":"2022-12-19T12:50:22","modified_gmt":"2022-12-19T11:50:22","slug":"impressum","status":"publish","type":"page","link":"https:\/\/kita-luvundlee.de\/en\/impressum\/","title":{"rendered":"Impressum"},"content":{"rendered":"\n<p>Pflichtangaben nach \u00a7 5 TMG (Telemediengesetz) sowie nach \u00a7 55 RStV (Rundfunkstaatsvertrag):<\/p>\n\n\n\n<p><strong>Kita Luv &amp; Lee gemeinn\u00fctzige UG<\/strong><br>Feldstra\u00dfe 5-7<br>24105 Kiel<br>Tel.: 0431-97999834<br>Fax: 0431-90896831<br>E-Mail: <a href=\"&#109;&#97;ilt&#111;:inf&#111;&#64;&#107;&#105;ta&#45;l&#117;&#118;u&#110;d&#108;&#101;&#101;.&#100;&#101;\">&#105;&#110;f&#111;&#64;k&#105;&#116;&#97;-&#108;u&#118;&#117;&#110;&#100;&#108;&#101;&#101;.&#100;e<\/a><\/p>\n\n\n\n<p>Vertreten durch die Gesch\u00e4ftsf\u00fchrerin:<br>Meike Mangelsen<\/p>\n\n\n\n<p><strong>Registereintrag:<\/strong><br>Eintragung im Handelsregister<br>Registergericht: Amtsgericht Kiel<br>Registernummer: HRB 12377 KI<\/p>\n\n\n\n<p><strong>Verantwortlich f\u00fcr den Inhalt nach \u00a7 55 Abs. 2 RStV<\/strong>:<br>Kita Luv &amp; Lee UG (haftungsbeschr\u00e4nkt)<br>Meike Mangelsen<\/p>\n\n\n\n<p><strong>Staatliche Anerkennung:<\/strong><br>Anerkennung als Tr\u00e4ger der freien Jugendhilfe gem\u00e4\u00df \u00a7 75 Sozialgesetzbuch VIII (Kinder- und Jugendhilfe)<\/p>\n\n\n\n<p><strong>Unsere Datenschutzbeauftragte:<\/strong><br>E-Mail: <a href=\"mai&#108;to&#58;ds&#98;&#64;&#107;&#105;t&#97;&#45;l&#117;&#118;&#117;nd&#108;&#101;&#101;.de\">&#100;&#115;b&#64;&#107;ita-luvu&#110;d&#108;&#101;&#101;&#46;d&#101;<\/a> <br>Tel.: 0431 239 41 44<\/p>\n\n\n\n<hr class=\"wp-block-separator has-alpha-channel-opacity\"\/>\n\n\n\n<p><strong>Website von:<\/strong> <a href=\"https:\/\/www.bureau-gebert.de\">bureau-gebert.de<\/a><\/p>\n\n\n\n<hr class=\"wp-block-separator has-alpha-channel-opacity\"\/>\n\n\n\n<p><strong>Gesetzliche Berufsbezeichnungen:<\/strong><\/p>\n\n\n\n<ul class=\"wp-block-list\"><li>Staatlich gepr\u00fcfte Sozialp\u00e4dagogische Assistenten<\/li><li>Staatlich anerkannte Kinderpfleger<\/li><li>Staatlich anerkannte Erzieher<\/li><li>Staatlich anerkannte Sozialp\u00e4dagogen<\/li><\/ul>\n\n\n\n<p>Die Berufsbezeichnungen wurden in der Bundesrepublik Deutschland verliehen.<\/p>\n\n\n\n<hr class=\"wp-block-separator has-alpha-channel-opacity\"\/>\n\n\n\n<p><strong>Berufsrechtliche Regelungen, insbesondere:<\/strong><\/p>\n\n\n\n<ul class=\"wp-block-list\"><li>Kinder- und Jugendhilferecht gem\u00e4\u00df dem Sozialgesetzbuch (SGB) VIII<\/li><li>Gesetz zur F\u00f6rderung von Kindern in Tageseinrichtungen und Tagespflegestellen<\/li><\/ul>\n\n\n\n<p>(Kindertagesst\u00e4ttengesetz &#8211; KiTaG)<\/p>\n\n\n\n<ul class=\"wp-block-list\"><li>Landesverordnung \u00fcber Mindestanforderungen f\u00fcr den Betrieb von Kindertageseinrichtungen und f\u00fcr die Leistungen der Kindertagespflege (Kindertagesst\u00e4tten- und -tagespflegeverordnung &#8211; KiTaVO)<\/li><\/ul>\n\n\n\n<p>Diese Regelungen finden Sie unter: <\/p>\n\n\n\n<ul class=\"wp-block-list\"><li><a href=\"https:\/\/www.gesetze-im-internet.de\/sgb_8\/\">https:\/\/www.gesetze-im-internet.de\/sgb_8\/<\/a><\/li><li><a href=\"http:\/\/www.gesetze-rechtsprechung.sh.juris.de\/jportal\/?quelle=jlink&amp;query=KTagStG+SH&amp;psml=bsshoprod.psml&amp;max=true\">gesetze-rechtsprechung.sh.juris.de\/jportal\/?quelle=jlink&amp;query=KTagStG+SH&amp;psml=bsshoprod.psml&amp;max=true<\/a><\/li><li><a href=\"http:\/\/www.gesetze-rechtsprechung.sh.juris.de\/jportal\/?quelle=jlink&amp;query=KTMVEinrV+SH&amp;psml=bsshoprod.psml&amp;max=true\">gesetze-rechtsprechung.sh.juris.de\/jportal\/?quelle=jlink&amp;query=KTMVEinrV+SH&amp;psml=bsshoprod.psml&amp;max=true<\/a><\/li><\/ul>\n\n\n\n<hr class=\"wp-block-separator has-alpha-channel-opacity\"\/>\n\n\n\n<p><strong>Aufsichtsbeh\u00f6rde:<\/strong><br>Ministerium f\u00fcr Soziales, Gesundheit, Jugend, Familie und Senioren des Landes Schleswig-Holstein, Adolf-Westphal-Str. 4, 24143 Kiel<br>E-Mail: poststelle@sozmi.landsh.de<br>Tel.: 0431 988-0<br>Fax: 0431 988-5416<\/p>\n\n\n\n<p>Allgemeine Informationspflicht nach \u00a7 36 VSBG:<br>An einem Streitbeilegungsverfahren vor einer Verbraucherschlichtungsstelle nehmen wir nicht teil.<\/p>\n\n\n\n<hr class=\"wp-block-separator has-alpha-channel-opacity\"\/>\n\n\n\n<p><strong>Haftungsausschluss:<\/strong><\/p>\n\n\n\n<ol class=\"wp-block-list\"><li>Inhalt des Onlineangebotes<\/li><\/ol>\n\n\n\n<p>Der Autor \u00fcbernimmt keinerlei Gew\u00e4hr f\u00fcr die Aktualit\u00e4t, Korrektheit, Vollst\u00e4ndigkeit oder Qualit\u00e4t der bereitgestellten Informationen. Haftungsanspr\u00fcche gegen den Autor, welche sich auf Sch\u00e4den materieller oder ideeller Art beziehen, die durch die Nutzung oder Nichtnutzung der dargebotenen Informationen bzw. durch die Nutzung fehlerhafter und unvollst\u00e4ndiger Informationen verursacht wurden, sind grunds\u00e4tzlich ausgeschlossen, sofern seitens des Autors kein nachweislich vors\u00e4tzliches oder grob fahrl\u00e4ssiges Verschulden vorliegt.<\/p>\n\n\n\n<p>Alle Angebote sind freibleibend und unverbindlich. Der Autor beh\u00e4lt es sich ausdr\u00fccklich vor, Teile der Seiten oder das gesamte Angebot ohne gesonderte Ank\u00fcndigung zu ver\u00e4ndern, zu erg\u00e4nzen, zu l\u00f6schen oder die Ver\u00f6ffentlichung zeitweise oder endg\u00fcltig einzustellen.<\/p>\n\n\n\n<ol class=\"wp-block-list\" start=\"2\"><li>Urheber- und Kennzeichenrecht <\/li><\/ol>\n\n\n\n<p>Der Autor ist bestrebt, in allen Publikationen die Urheberrechte der verwendeten Grafiken, Tondokumente, Videosequenzen und Texte zu beachten, von ihm selbst erstellte Grafiken, Tondokumente, Videosequenzen und Texte zu nutzen oder auf lizenzfreie Grafiken, Tondokumente, Videosequenzen und Texte zur\u00fcckzugreifen. Alle innerhalb des Internetangebotes genannten und ggf. durch Dritte gesch\u00fctzten Marken- und Warenzeichen unterliegen uneingeschr\u00e4nkt den Bestimmungen des jeweils g\u00fcltigen Kennzeichenrechts und den Besitzrechten der jeweiligen eingetragenen Eigent\u00fcmer. Allein aufgrund der blo\u00dfen Nennung ist nicht der Schluss zu ziehen, dass Markenzeichen nicht durch Rechte Dritter gesch\u00fctzt sind! Das Copyright f\u00fcr ver\u00f6ffentlichte, vom Autor selbst erstellte Objekte bleibt allein beim Autor der Seiten. Eine Vervielf\u00e4ltigung oder Verwendung solcher Grafiken, Tondokumente, Videosequenzen und Texte in anderen elektronischen oder gedruckten Publikationen ist ohne ausdr\u00fcckliche Zustimmung des Autors nicht gestattet.<\/p>\n\n\n\n<ol class=\"wp-block-list\" start=\"3\"><li>Rechtswirksamkeit dieses Haftungsausschlusses<\/li><\/ol>\n\n\n\n<p>Dieser Haftungsausschluss ist als Teil des Internetangebotes zu betrachten, von dem aus auf diese Seite verwiesen wurde. Sofern Teile oder einzelne Formulierungen dieses Textes der geltenden Rechtslage nicht, nicht mehr oder nicht vollst\u00e4ndig entsprechen sollten, bleiben die \u00fcbrigen Teile des Dokumentes in ihrem Inhalt und ihrer G\u00fcltigkeit davon unber\u00fchrt.<\/p>\n","protected":false},"excerpt":{"rendered":"<p>Pflichtangaben nach \u00a7 5 TMG (Telemediengesetz) sowie nach \u00a7 55 RStV (Rundfunkstaatsvertrag): Kita Luv &amp; Lee gemeinn\u00fctzige UGFeldstra\u00dfe 5-724105 KielTel.: 0431-97999834Fax: 0431-90896831E-Mail: Vertreten durch die Gesch\u00e4ftsf\u00fchrerin:Meike Mangelsen Registereintrag:Eintragung im HandelsregisterRegistergericht: Amtsgericht KielRegisternummer: HRB 12377 KI Verantwortlich f\u00fcr den Inhalt nach \u00a7 55 Abs. 2 RStV:Kita Luv &amp; Lee UG (haftungsbeschr\u00e4nkt)Meike Mangelsen Staatliche Anerkennung:Anerkennung als Tr\u00e4ger<a class=\"excerpt-read-more\" href=\"https:\/\/kita-luvundlee.de\/en\/impressum\/\" title=\"ReadImpressum\">&#8230; Read more &raquo;<\/a><\/p>\n","protected":false},"author":1,"featured_media":0,"parent":0,"menu_order":0,"comment_status":"closed","ping_status":"closed","template":"","meta":{"_acf_changed":false,"footnotes":""},"class_list":["post-15","page","type-page","status-publish","hentry"],"translation":{"provider":"WPGlobus","version":"3.0.0","language":"en","enabled_languages":["de","en"],"languages":{"de":{"title":true,"content":true,"excerpt":false},"en":{"title":false,"content":false,"excerpt":false}}},"acf":[],"_links":{"self":[{"href":"https:\/\/kita-luvundlee.de\/en\/wp-json\/wp\/v2\/pages\/15","targetHints":{"allow":["GET"]}}],"collection":[{"href":"https:\/\/kita-luvundlee.de\/en\/wp-json\/wp\/v2\/pages"}],"about":[{"href":"https:\/\/kita-luvundlee.de\/en\/wp-json\/wp\/v2\/types\/page"}],"author":[{"embeddable":true,"href":"https:\/\/kita-luvundlee.de\/en\/wp-json\/wp\/v2\/users\/1"}],"replies":[{"embeddable":true,"href":"https:\/\/kita-luvundlee.de\/en\/wp-json\/wp\/v2\/comments?post=15"}],"version-history":[{"count":10,"href":"https:\/\/kita-luvundlee.de\/en\/wp-json\/wp\/v2\/pages\/15\/revisions"}],"predecessor-version":[{"id":3716,"href":"https:\/\/kita-luvundlee.de\/en\/wp-json\/wp\/v2\/pages\/15\/revisions\/3716"}],"wp:attachment":[{"href":"https:\/\/kita-luvundlee.de\/en\/wp-json\/wp\/v2\/media?parent=15"}],"curies":[{"name":"wp","href":"https:\/\/api.w.org\/{rel}","templated":true}]}}