{"id":970,"date":"2018-05-02T09:42:56","date_gmt":"2018-05-02T07:42:56","guid":{"rendered":"http:\/\/kita-luvundlee.de\/?page_id=970"},"modified":"2018-10-22T15:21:24","modified_gmt":"2018-10-22T13:21:24","slug":"datenschutz","status":"publish","type":"page","link":"https:\/\/kita-luvundlee.de\/en\/datenschutz\/","title":{"rendered":"Datenschutzerkl\u00e4rung"},"content":{"rendered":"<p>Sehr geehrte Nutzer und Nutzerinnen, der Schutz Ihrer Privatsph\u00e4re hat f\u00fcr uns einen hohen Stellenwert. Im Folgenden informieren wir Sie \u00fcber die Verarbeitung Ihrer personenbezogenen Daten bei Nutzung unserer Website.<\/p>\n<p><strong>\u00a7 1 Information \u00fcber die Erhebung personenbezogener Daten<\/strong><\/p>\n<p>(1) Im Folgenden informieren wir \u00fcber die Erhebung personenbezogener Daten bei Nutzung unserer Website. Personenbezogene Daten sind alle Daten, die auf Sie pers\u00f6nlich beziehbar sind, z. B. Name, Adresse, E-Mail-Adressen, Nutzerverhalten.<\/p>\n<p>(2) Verantwortlicher gem. Art.\u00a04 Abs.\u00a07 EU-Datenschutz-Grundverordnung (DS-GVO) ist<\/p>\n<p>Kita Luv &amp; Lee gemeinn\u00fctzige UG,<br \/>\nvertreten durch die Gesch\u00e4ftsf\u00fchrerin Frau Meike Mangelsen,<br \/>\nFeldstra\u00dfe 5-7<br \/>\n24105 Kiel<\/p>\n<p>Telefon: 0431- 97999833<br \/>\nE-Mail: <a href=\"&#109;ail&#116;&#111;:in&#102;o&#64;&#107;&#105;&#116;&#97;-&#108;&#117;&#118;u&#110;&#100;&#108;&#101;e&#46;de\">&#105;&#110;fo&#64;&#107;&#105;ta-&#108;uvundlee.de<\/a> (siehe unser Impressum).<\/p>\n<p>Unsere Datenschutzbeauftragte erreichen Sie unter<br \/>\nE-Mail: <a href=\"m&#97;il&#116;o&#58;dsb&#64;ki&#116;&#97;-&#108;&#117;&#118;u&#110;&#100;l&#101;e.de\">&#100;sb&#64;kit&#97;&#45;&#108;u&#118;&#117;n&#100;le&#101;.&#100;e<\/a><\/p>\n<p>(3) Bei Ihrer Kontaktaufnahme mit uns per E-Mail oder \u00fcber ein Kontaktformular werden die von Ihnen mitgeteilten Daten (Ihre E-Mail-Adresse, ggf. Ihr Name und Ihre Telefonnummer) von uns gespeichert, um Ihre Fragen zu beantworten. Die in diesem Zusammenhang anfallenden Daten l\u00f6schen wir, nachdem die Speicherung nicht mehr erforderlich ist, oder schr\u00e4nken die Verarbeitung ein, falls gesetzliche Aufbewahrungspflichten bestehen.<\/p>\n<p>(4) Falls wir f\u00fcr einzelne Funktionen unseres Angebots auf beauftragte Dienstleister zur\u00fcckgreifen oder Ihre Daten f\u00fcr werbliche Zwecke nutzen m\u00f6chten, werden wir Sie untenstehend im Detail \u00fcber die jeweiligen Vorg\u00e4nge informieren. Dabei nennen wir auch die festgelegten Kriterien der Speicherdauer.<\/p>\n<p>(5) Um unberechtigte Zugriffe Dritter auf Ihre pers\u00f6nlichen Daten, zu verhindern, wird die Verbindung verschl\u00fcsselt. Wir verwenden hierf\u00fcr die so genannte \u201eSecure Socket Layer\u201c-\u00dcbertragung (SSL). Die meisten aktuellen Browser unterst\u00fctzen diese Verschl\u00fcsselungstechnik.<\/p>\n<p><strong>\u00a7 2 Erhebung personenbezogener Daten bei Besuch unserer Website<\/strong><\/p>\n<p>Bei der <strong>blo\u00dfen informatorischen Nutzung<\/strong> der Website, also wenn Sie sich nicht registrieren oder uns anderweitig Informationen \u00fcbermitteln, erheben wir nur die personenbezogenen Daten, die Ihr Browser an unseren Server \u00fcbermittelt. Wenn Sie unsere Website betrachten m\u00f6chten, erheben wir die folgenden Daten, die f\u00fcr uns technisch erforderlich sind, um Ihnen unsere Website anzuzeigen und die Stabilit\u00e4t und Sicherheit zu gew\u00e4hrleisten (Rechtsgrundlage ist Art.\u00a06 Abs.\u00a01 S.\u00a01 lit. f DS-GVO). Diese allgemeinen Daten und Informationen werden in den Logfiles des Servers gespeichert:<\/p>\n<ul>\n<li>IP-Adresse<\/li>\n<li>Datum und Uhrzeit der Anfrage<\/li>\n<li>Zeitzonendifferenz zur Greenwich Mean Time (GMT)<\/li>\n<li>Inhalt der Anforderung (konkrete Seite)<\/li>\n<li>Zugriffsstatus\/HTTP-Statuscode<\/li>\n<li>jeweils \u00fcbertragene Datenmenge<\/li>\n<li>Website, von der die Anforderung kommt<\/li>\n<li>Browser<\/li>\n<li>Betriebssystem und dessen Oberfl\u00e4che<\/li>\n<li>Sprache und Version der Browsersoftware.<\/li>\n<\/ul>\n<p>Bei der Nutzung dieser allgemeinen Daten und Informationen ziehen wir keine R\u00fcckschl\u00fcsse auf Sie. Die Daten der Server-Logfiles werden getrennt von allen durch Sie angegebenen personenbezogenen Daten gespeichert.<\/p>\n<p><strong>\u00a7 3 Ihre Rechte<\/strong><\/p>\n<p>Sie haben gegen\u00fcber uns folgende Rechte hinsichtlich der Sie betreffenden personenbezogenen Daten:<\/p>\n<ul>\n<li>das Recht auf Auskunft nach Art. 15 DS-GVO i.V.m. \u00a7 34 BDSG.<\/li>\n<li>das Recht auf Berichtigung gem\u00e4\u00df Art. 16 DS-GVO.<\/li>\n<li>das Recht auf L\u00f6schung aus Art. 17 DS-GVO i.V.m. \u00a7 35 BDSG.<\/li>\n<li>das Recht auf Einschr\u00e4nkung der Verarbeitung gem\u00e4\u00df Art. 18 DS-GVO.<\/li>\n<li>das Recht auf Daten\u00fcbertragbarkeit aus Art. 20 DS-GVO.<\/li>\n<li>das Recht auf Beschwerde bei einer zust\u00e4ndigen Datenschutzaufsichtsbeh\u00f6rde gem\u00e4\u00df Art. 77 DS-GVO i. V. m. \u00a7 19 BDSG. M\u00f6chten Sie Ihr Recht auf Beschwerde wahrnehmen, k\u00f6nnen Sie Ihre Beschwerde an die unter Ziffer 1 genannte Datenschutzbeauftragte oder an die zust\u00e4ndige Datenschutzaufsichtsbeh\u00f6rde richten.<\/li>\n<li>das Widerspruchsrecht gem\u00e4\u00df Art. 21 DS-GVO.<\/li>\n<\/ul>\n<p><strong>\u00a7 4 Widerspruch oder Widerruf gegen die Verarbeitung Ihrer Daten<\/strong><\/p>\n<p>(1) Falls Sie eine Einwilligung zur Verarbeitung Ihrer Daten erteilt haben, k\u00f6nnen Sie diese jederzeit widerrufen. Ein solcher Widerruf beeinflusst die Zul\u00e4ssigkeit der Verarbeitung Ihrer personenbezogenen Daten, nachdem Sie ihn gegen\u00fcber uns ausgesprochen haben.<\/p>\n<p>(2) Soweit wir die Verarbeitung Ihrer personenbezogenen Daten auf die Interessenabw\u00e4gung st\u00fctzen, k\u00f6nnen Sie Widerspruch gegen die Verarbeitung einlegen. Dies ist der Fall, wenn die Verarbeitung insbesondere nicht zur Erf\u00fcllung eines Vertrags mit Ihnen erforderlich ist, was von uns jeweils bei der nachfolgenden Beschreibung der Funktionen dargestellt wird. Bei Aus\u00fcbung eines solchen Widerspruchs bitten wir um Darlegung der Gr\u00fcnde, weshalb wir Ihre personenbezogenen Daten nicht wie von uns durchgef\u00fchrt verarbeiten sollten. Im Falle Ihres begr\u00fcndeten Widerspruchs pr\u00fcfen wir die Sachlage und werden entweder die Datenverarbeitung einstellen bzw. anpassen oder Ihnen unsere zwingenden schutzw\u00fcrdigen Gr\u00fcnde aufzeigen, aufgrund derer wir die Verarbeitung fortf\u00fchren.<\/p>\n<p>(3) Selbstverst\u00e4ndlich k\u00f6nnen Sie der Verarbeitung Ihrer personenbezogenen Daten f\u00fcr Zwecke der Werbung und Datenanalyse jederzeit widersprechen. \u00dcber Ihren Werbewiderspruch k\u00f6nnen Sie uns unter folgenden Kontaktdaten informieren: Kita Luv &amp; Lee gemeinn\u00fctzige UG, Feldstra\u00dfe 5-7, 24105 Kiel, Telefon: 0431 97999833, Email: info@kita-luvundlee.de<\/p>\n<p><strong>\u00a0\u00a7 <\/strong><strong>5 A<\/strong><strong>utomatisierte Entscheidungen im Einzelfall einschlie\u00dflich Profiling<\/strong><\/p>\n<p>Sie haben das Recht, nicht einer ausschlie\u00dflich auf einer automatisierten Verarbeitung \u2014 einschlie\u00dflich Profiling \u2014 beruhenden Entscheidung unterworfen zu werden, die Ihnen gegen\u00fcber rechtliche Wirkung entfaltet oder Sie in \u00e4hnlicher Weise erheblich beeintr\u00e4chtigt. Dies gilt sofern die Entscheidung nicht f\u00fcr den Abschluss oder die Erf\u00fcllung eines Vertrags zwischen uns erforderlich ist, oder aufgrund von Rechtsvorschriften der Union oder der Mitgliedstaaten, denen wir unterliegen, zul\u00e4ssig ist und diese Rechtsvorschriften angemessene Ma\u00dfnahmen zur Wahrung Ihrer Rechte und Freiheiten sowie Ihrem berechtigten Interesse enthalten oder mit Ihrer ausdr\u00fccklicher Einwilligung erfolgt.<\/p>\n<p>Ist die Entscheidung f\u00fcr den Abschluss oder die Erf\u00fcllung eines Vertrags erforderlich oder erfolgt sie aufgrund ausdr\u00fccklicher Einwilligung, treffen wir angemessene Ma\u00dfnahmen, um Ihre Rechte und Freiheiten sowie Ihr berechtigtes Interesse zu wahren, wozu mindestens das Recht auf Erwirkung des Eingreifens einer Person seitens des Verantwortlichen, auf Darlegung des eigenen Standpunkts und auf Anfechtung der Entscheidung geh\u00f6rt.<\/p>\n<p>M\u00f6chten Sie Rechte mit Bezug auf automatisierte Entscheidungen geltend machen, k\u00f6nnen Sie sich hierzu jederzeit an uns wenden.<\/p>\n<p>Als verantwortungsbewusstes Unternehmen verzichten wir auf eine automatische Entscheidungsfindung oder ein Profiling.<\/p>\n<p><strong>\u00a0\u00a7 <\/strong><strong>6 Speicherdauer<\/strong><\/p>\n<p>Sofern nicht in dem jeweiligen Abschnitt dieser Datenschutzerkl\u00e4rung explizit die L\u00f6schungsfristen bestimmter Daten geregelt ist, werden wir Ihre personenbezogenen Daten gem\u00e4\u00df den jeweiligen gesetzlichen Aufbewahrungsfristen l\u00f6schen oder wenn der Speicherzweck weggefallen ist. Nach Ablauf der Frist werden die Daten routinem\u00e4\u00dfig gel\u00f6scht, sofern sie nicht mehr zur Vertragserf\u00fcllung oder Vertragsanbahnung erforderlich sind.<\/p>\n<p><strong>\u00a7 7 Weitere Funktionen und Angebote unserer Website<\/strong><\/p>\n<p>(1) Neben der rein informatorischen Nutzung unserer Website bieten wir verschiedene Leistungen an, die Sie bei Interesse nutzen k\u00f6nnen. Dazu m\u00fcssen Sie in der Regel weitere personenbezogene Daten angeben, die wir zur Erbringung der jeweiligen Leistung nutzen und f\u00fcr die die zuvor genannten Grunds\u00e4tze zur Datenverarbeitung gelten.<\/p>\n<p>(2) Teilweise bedienen wir uns zur Verarbeitung Ihrer Daten externer Dienstleister. Diese wurden von uns sorgf\u00e4ltig ausgew\u00e4hlt und beauftragt, sind an unsere Weisungen gebunden und werden regelm\u00e4\u00dfig kontrolliert.<\/p>\n<p>(3) Weiterhin k\u00f6nnen wir Ihre personenbezogenen Daten an Dritte weitergeben, wenn Aktionsteilnahmen, Vertragsabschl\u00fcsse oder \u00e4hnliche Leistungen von uns gemeinsam mit Partnern angeboten werden. N\u00e4here Informationen hierzu erhalten Sie bei Angabe Ihrer personenbezogenen Daten oder untenstehend in der Beschreibung des Angebotes.<\/p>\n<p>(4) Soweit unsere Dienstleister oder Partner ihren Sitz in einem Staat au\u00dferhalb des Europ\u00e4ischen Wirtschaftsraumen (EWR) haben, informieren wir Sie \u00fcber die Folgen dieses Umstands in der Beschreibung des Angebotes.<\/p>\n<p><strong>\u00a7 8 <\/strong><strong>Externe Links<\/strong><\/p>\n<p>Wir verwenden auf unserer Website Links, die zu anderen Websites f\u00fchren (externe Links), diese sind besonders gekennzeichnet. Deren Inhalte befinden sich nicht auf unserem Server. Die externen Inhalte dieser Links wurden beim Setzen der Links gepr\u00fcft. Es kann jedoch nicht ausgeschlossen werden, dass die Inhalte von den jeweiligen Anbietern nachtr\u00e4glich ver\u00e4ndert wurden. Sollten Sie bemerken, dass die Inhalte der externen Anbieter gegen geltendes Recht versto\u00dfen, teilen Sie uns dies bitte mit. Diese Datenschutzerkl\u00e4rung gilt nur f\u00fcr Inhalte auf unserer Website.<\/p>\n<p><strong>\u00a7 9 Nutzung von Cookies<\/strong><\/p>\n<p>(1) Zus\u00e4tzlich zu den zuvor genannten Daten werden bei Ihrer Nutzung unserer Website Cookies auf Ihrem Rechner gespeichert. Bei Cookies handelt es sich um kleine Textdateien, die auf Ihrer Festplatte dem von Ihnen verwendeten Browser zugeordnet gespeichert werden und durch welche der Stelle, die den Cookie setzt (hier durch uns), bestimmte Informationen zuflie\u00dfen. Cookies k\u00f6nnen keine Programme ausf\u00fchren oder Viren auf Ihren Computer \u00fcbertragen. Sie dienen dazu, das Internetangebot insgesamt nutzerfreundlicher und effektiver zu machen.<\/p>\n<p>(2) Einsatz von Cookies:<br \/>\na) Diese Website nutzt folgende Arten von Cookies, deren Umfang und Funktionsweise im Folgenden erl\u00e4utert werden:<\/p>\n<ul>\n<li>Transiente Cookies (dazu b)<\/li>\n<li>Persistente Cookies (dazu c).<\/li>\n<\/ul>\n<p>b) Transiente Cookies werden automatisiert gel\u00f6scht, wenn Sie den Browser schlie\u00dfen. Dazu z\u00e4hlen insbesondere die Session-Cookies. Diese speichern eine sogenannte Session-ID, mit welcher sich verschiedene Anfragen Ihres Browsers der gemeinsamen Sitzung zuordnen lassen. Dadurch kann Ihr Rechner wiedererkannt werden, wenn Sie auf unsere Website zur\u00fcckkehren. Die Session-Cookies werden gel\u00f6scht, wenn Sie sich ausloggen oder den Browser schlie\u00dfen.<\/p>\n<p>c) Persistente Cookies werden automatisiert nach einer vorgegebenen Dauer gel\u00f6scht, die sich je nach Cookie unterscheiden kann. Sie k\u00f6nnen die Cookies in den Sicherheitseinstellungen Ihres Browsers jederzeit l\u00f6schen.<\/p>\n<p>d) Sie k\u00f6nnen Ihre Browser-Einstellung entsprechend Ihren W\u00fcnschen konfigurieren und z. B. die Annahme von Third-Party-Cookies oder allen Cookies ablehnen. Wir weisen Sie darauf hin, dass Sie eventuell nicht alle Funktionen dieser Website nutzen k\u00f6nnen.<\/p>\n<p><strong> \u00a7 10 Einbindung von Google Maps<\/strong><\/p>\n<p>(1) Auf dieser Webseite nutzen wir das Angebot von Google Maps. Dadurch k\u00f6nnen wir Ihnen interaktive Karten direkt in der Website anzeigen und erm\u00f6glichen Ihnen die komfortable Nutzung der Karten-Funktion.<\/p>\n<p>(2) Durch den Besuch auf der Website erh\u00e4lt Google die Information, dass Sie die entsprechende Unterseite unserer Website aufgerufen haben. Zudem werden die unter \u00a7\u00a02 dieser Erkl\u00e4rung genannten Daten \u00fcbermittelt. Dies erfolgt unabh\u00e4ngig davon, ob Google ein Nutzerkonto bereitstellt, \u00fcber das Sie eingeloggt sind, oder ob kein Nutzerkonto besteht. Wenn Sie bei Google eingeloggt sind, werden Ihre Daten direkt Ihrem Konto zugeordnet. Wenn Sie die Zuordnung mit Ihrem Profil bei Google nicht w\u00fcnschen, m\u00fcssen Sie sich vor Aktivierung des Buttons ausloggen. Google speichert Ihre Daten als Nutzungsprofile und nutzt sie f\u00fcr Zwecke der Werbung, Marktforschung und\/oder bedarfsgerechten Gestaltung seiner Website. Eine solche Auswertung erfolgt insbesondere (selbst f\u00fcr nicht eingeloggte Nutzer) zur Erbringung von bedarfsgerechter Werbung und um andere Nutzer des sozialen Netzwerks \u00fcber Ihre Aktivit\u00e4ten auf unserer Website zu informieren. Ihnen steht ein Widerspruchsrecht zu gegen die Bildung dieser Nutzerprofile, wobei Sie sich zur Aus\u00fcbung dessen an Google richten m\u00fcssen.<\/p>\n<p>(3) Weitere Informationen zu Zweck und Umfang der Datenerhebung und ihrer Verarbeitung durch den Plug-in-Anbieter erhalten Sie in den Datenschutzerkl\u00e4rungen des Anbieters. Dort erhalten Sie auch weitere Informationen zu Ihren diesbez\u00fcglichen Rechten und Einstellungsm\u00f6glichkeiten zum Schutze Ihrer Privatsph\u00e4re: <a href=\"http:\/\/www.google.de\/intl\/de\/policies\/privacy\">http:\/\/www.google.de\/intl\/de\/policies\/privacy<\/a>. Google verarbeitet Ihre personenbezogenen Daten auch in den USA und hat sich dem EU-US Privacy Shield unterworfen, <a href=\"https:\/\/www.privacyshield.gov\/EU-US-Framework\">https:\/\/www.privacyshield.gov\/EU-US-Framework<\/a>.<\/p>\n<p><strong> \u00c4nderungen dieser Datenschutzerkl\u00e4rung<\/strong><br \/>\nDie \u00c4nderung dieser Datenschutzerkl\u00e4rung bleibt vorbehalten. Es gilt jeweils die im Zeitpunkt der Nutzung unserer Angebote aktuelle und hier abrufbare Version.<\/p>\n","protected":false},"excerpt":{"rendered":"<p>Sehr geehrte Nutzer und Nutzerinnen, der Schutz Ihrer Privatsph\u00e4re hat f\u00fcr uns einen hohen Stellenwert. Im Folgenden informieren wir Sie \u00fcber die Verarbeitung Ihrer personenbezogenen Daten bei Nutzung unserer Website. \u00a7 1 Information \u00fcber die Erhebung personenbezogener Daten (1) Im Folgenden informieren wir \u00fcber die Erhebung personenbezogener Daten bei Nutzung unserer Website. Personenbezogene Daten sind<a class=\"excerpt-read-more\" href=\"https:\/\/kita-luvundlee.de\/en\/datenschutz\/\" title=\"ReadDatenschutzerkl\u00e4rung\">&#8230; Read more &raquo;<\/a><\/p>\n","protected":false},"author":1,"featured_media":0,"parent":0,"menu_order":0,"comment_status":"closed","ping_status":"closed","template":"","meta":{"_acf_changed":false,"footnotes":""},"class_list":["post-970","page","type-page","status-publish","hentry"],"translation":{"provider":"WPGlobus","version":"3.0.0","language":"en","enabled_languages":["de","en"],"languages":{"de":{"title":true,"content":true,"excerpt":false},"en":{"title":false,"content":false,"excerpt":false}}},"acf":[],"_links":{"self":[{"href":"https:\/\/kita-luvundlee.de\/en\/wp-json\/wp\/v2\/pages\/970","targetHints":{"allow":["GET"]}}],"collection":[{"href":"https:\/\/kita-luvundlee.de\/en\/wp-json\/wp\/v2\/pages"}],"about":[{"href":"https:\/\/kita-luvundlee.de\/en\/wp-json\/wp\/v2\/types\/page"}],"author":[{"embeddable":true,"href":"https:\/\/kita-luvundlee.de\/en\/wp-json\/wp\/v2\/users\/1"}],"replies":[{"embeddable":true,"href":"https:\/\/kita-luvundlee.de\/en\/wp-json\/wp\/v2\/comments?post=970"}],"version-history":[{"count":10,"href":"https:\/\/kita-luvundlee.de\/en\/wp-json\/wp\/v2\/pages\/970\/revisions"}],"predecessor-version":[{"id":1119,"href":"https:\/\/kita-luvundlee.de\/en\/wp-json\/wp\/v2\/pages\/970\/revisions\/1119"}],"wp:attachment":[{"href":"https:\/\/kita-luvundlee.de\/en\/wp-json\/wp\/v2\/media?parent=970"}],"curies":[{"name":"wp","href":"https:\/\/api.w.org\/{rel}","templated":true}]}}